{"id":1177,"date":"2022-03-14T14:19:22","date_gmt":"2022-03-14T13:19:22","guid":{"rendered":"https:\/\/hobo.studio\/?page_id=1177"},"modified":"2022-03-14T14:20:14","modified_gmt":"2022-03-14T13:20:14","slug":"politica-privacidad-de-hobo-studio","status":"publish","type":"page","link":"https:\/\/hobo.studio\/es\/politica-privacidad-de-hobo-studio\/","title":{"rendered":"Pol\u00edtica de Privacidad de Hobo.Studio"},"content":{"rendered":"\n<p>Este sitio web recoge informaci\u00f3n personal de los usuarios.&nbsp;<br>Este documento se puede imprimir usando el comando de impresi\u00f3n presente en la configuraci\u00f3n del navegador.<\/p>\n\n\n\n<div style=\"height:25px\" aria-hidden=\"true\" class=\"wp-block-spacer\"><\/div>\n\n\n\n<h2 class=\"wp-block-heading\" id=\"identidad-del-responsable\"><strong><strong>Identidad del Responsable<\/strong><\/strong><\/h2>\n\n\n\n<p>HOBO SRL<br>Via G. Matteotti, 14<br>36060 Romano D&#8217;Ezzelino, Vicenza<\/p>\n\n\n\n<p>Indirizzo email: info@hobo.studio<\/p>\n\n\n\n<div style=\"height:25px\" aria-hidden=\"true\" class=\"wp-block-spacer\"><\/div>\n\n\n\n<h2 class=\"wp-block-heading\" id=\"tipologie-di-dati-raccolti\"><strong>Tipologie di Dati raccolti<\/strong><\/h2>\n\n\n\n<p>Entre los Datos personales recopilados por esta Aplicaci\u00f3n, ya sea de forma independiente o a trav\u00e9s de terceros, se encuentran: Cookies y Datos de uso.<\/p>\n\n\n\n<p>Otros datos personales recopilados pueden indicarse en otras secciones de esta pol\u00edtica de privacidad o mediante textos informativos que se muestran junto con la recopilaci\u00f3n de los datos mismos.<br>Los Datos Personales pueden ser ingresados voluntariamente por el usuario, o recopilados autom\u00e1ticamente durante el uso de esta aplicaci\u00f3n.<\/p>\n\n\n\n<p>A menos que se especifique lo contrario, todos los datos solicitados por este sitio web son obligatorios. Si el usuario se niega a comunicarlos, puede ser imposible para este sitio web proporcionar el servicio. En los casos en que este sitio web indique algunos Datos como opcionales, los Usuarios pueden abstenerse de comunicar dichos Datos, sin que esto tenga ninguna consecuencia en la disponibilidad del Servicio o en su funcionamiento.<br>Se recomienda a los usuarios que tengan dudas sobre qu\u00e9 datos son obligatorios que se comuniquen con el propietario.<\/p>\n\n\n\n<p>L\u2019eventuale utilizzo di Cookie &#8211; o di altri strumenti di tracciamento &#8211; da parte di questa Applicazione o dei <\/p>\n\n\n\n<p>Cualquier uso de Cookies, u otras herramientas de seguimiento, por este sitio web o por los propietarios de servicios de terceros utilizados por este sitio web, a menos que se especifique lo contrario, tiene el prop\u00f3sito de proporcionar el Servicio solicitado por el Usuario, adem\u00e1s de para los fines adicionales descritos en este documento y en la Pol\u00edtica de cookies.<br>El usuario asume la responsabilidad de los datos personales de terceros obtenidos, publicados o compartidos a trav\u00e9s de este sitio web y garantiza que tiene derecho a comunicarlos o difundirlos, liberando al propietario de cualquier responsabilidad frente a terceros.<\/p>\n\n\n\n<p>M\u00e9todo y lugar de procesamiento de los Datos recopilados<\/p>\n\n\n\n<div style=\"height:25px\" aria-hidden=\"true\" class=\"wp-block-spacer\"><\/div>\n\n\n\n<p><strong class=\"privacy-policy-tutorial\"><strong>M\u00e9todos de procesamiento<\/strong><\/strong><\/p>\n\n\n\n<p id=\"el-controlador-de-datos-adopta-las-medidas-de-seguridad-apropiadas-para-evitar-el-acceso-no-autorizado-divulgacion-modificacion-o-destruccion-de-datos-personales\">El controlador de datos adopta las medidas de seguridad apropiadas para evitar el acceso no autorizado, divulgaci\u00f3n, modificaci\u00f3n o destrucci\u00f3n de datos personales.<\/p>\n\n\n\n<p id=\"el-tratamiento-se-realiza-utilizando-herramientas-informaticas-y-o-telematicas-con-metodos-organizativos-y-con-logica-estrictamente-relacionada-con-los-fines-indicados-ademas-del-propietario-en-algunos-casos-otros-sujetos-involucrados-en-la-organizacion-de-este-sitio-web-legales-administradores-de-sistemas-o-sujetos-externos-como-proveedores-de-servicios-tecnicos-de-terceros-proveedores-de-alojamiento-tambien-pueden-tener-acceso-a-los-datos-tambien-designados-si-es-necesario-procesadores-de-datos-por-el-propietario-la-lista-actualizada-de-gerentes-siempre-se-puede-solicitar-al-controlador-de-datos\">El tratamiento se realiza utilizando herramientas inform\u00e1ticas y \/ o telem\u00e1ticas, con m\u00e9todos organizativos y con l\u00f3gica estrictamente relacionada con los fines indicados. Adem\u00e1s del Propietario, en algunos casos, otros sujetos involucrados en la organizaci\u00f3n de este sitio web (legales, administradores de sistemas) o sujetos externos (como proveedores de servicios t\u00e9cnicos de terceros, proveedores de alojamiento) tambi\u00e9n pueden tener acceso a los Datos, tambi\u00e9n designados, si es necesario, Procesadores de datos por el propietario. La lista actualizada de gerentes siempre se puede solicitar al controlador de datos.<\/p>\n\n\n\n<div style=\"height:25px\" aria-hidden=\"true\" class=\"wp-block-spacer\"><\/div>\n\n\n\n<p><strong>Base legal del procesamiento<\/strong><\/p>\n\n\n\n<p>El controlador de datos procesa datos personales relacionados con el usuario si existe una de las siguientes condiciones:<\/p>\n\n\n\n<ul><li>el usuario ha dado su consentimiento para uno o m\u00e1s prop\u00f3sitos espec\u00edficos; Nota: en algunos sistemas, el controlador de datos puede estar autorizado para procesar datos personales sin el consentimiento del usuario u otra de las bases legales especificadas a continuaci\u00f3n, siempre que el usuario no se oponga (\u00abexclusi\u00f3n voluntaria\u00bb) a tal tratamiento. Sin embargo, esto no es aplicable si el procesamiento de Datos personales est\u00e1 regulado por la legislaci\u00f3n europea sobre protecci\u00f3n de Datos personales<\/li><li>el procesamiento es necesario para la ejecuci\u00f3n de un contrato con el Usuario y \/ o para la ejecuci\u00f3n de medidas precontractuales;<\/li><li>&nbsp;el procesamiento es necesario para cumplir con una obligaci\u00f3n legal a la que est\u00e1 sujeto el controlador de datos;<\/li><li>el procesamiento es necesario para el desempe\u00f1o de una tarea de inter\u00e9s p\u00fablico o para el ejercicio de los poderes p\u00fablicos con los que se invierte el controlador de datos;<\/li><li>El tratamiento es necesario para la consecuci\u00f3n del inter\u00e9s leg\u00edtimo del propietario o de terceros.<\/li><\/ul>\n\n\n\n<p>Sin embargo, siempre es posible solicitar al Controlador de datos que aclare la base jur\u00eddica concreta de cada tratamiento y, en particular, que especifique si el tratamiento se basa en la ley, previsto en un contrato o necesario para celebrar un contrato.<\/p>\n\n\n\n<div style=\"height:25px\" aria-hidden=\"true\" class=\"wp-block-spacer\"><\/div>\n\n\n\n<p><strong class=\"privacy-policy-tutorial\">Ubicaci\u00f3n<\/strong><\/p>\n\n\n\n<p>Los datos se procesan en las oficinas operativas del controlador de datos y en cualquier otro lugar donde se encuentren las partes involucradas en el procesamiento. Para m\u00e1s informaci\u00f3n, contacte al propietario.<\/p>\n\n\n\n<p>Los datosLos datos personales del usuario pueden ser transferidos a un pa\u00eds diferente al que se encuentra el usuario. Para obtener m\u00e1s informaci\u00f3n sobre el lugar del tratamiento, el Usuario puede consultar la secci\u00f3n relacionada con los detalles sobre el procesamiento de Datos personales.<\/p>\n\n\n\n<p>El Usuario tiene derecho a obtener informaci\u00f3n sobre la base legal para la transferencia de Datos fuera de la Uni\u00f3n Europea o a una organizaci\u00f3n internacional de derecho internacional p\u00fablico o que consista en dos o m\u00e1s pa\u00edses, como el ONU, as\u00ed como sobre las medidas de seguridad tomadas por el controlador de datos para proteger los datos.<\/p>\n\n\n\n<p>Si se lleva a cabo una de las transferencias descritas anteriormente, el Usuario puede consultar las secciones respectivas de este documento o solicitar informaci\u00f3n al Controlador de datos poni\u00e9ndose en contacto con \u00e9l en los detalles indicados al principio.<\/p>\n\n\n\n<div style=\"height:25px\" aria-hidden=\"true\" class=\"wp-block-spacer\"><\/div>\n\n\n\n<p><strong>Per\u00edodo de retenci\u00f3n<\/strong><\/p>\n\n\n\n<p>Los datos se procesan y almacenan durante el tiempo requerido por los fines para los que fueron recopilados.<\/p>\n\n\n\n<p>Por lo tanto:<\/p>\n\n\n\n<ul><li>Los datos personales recopilados para fines relacionados con la ejecuci\u00f3n de un contrato entre el propietario y el usuario se conservar\u00e1n hasta que se complete la ejecuci\u00f3n de este contrato.<\/li><li>&nbsp;Los datos personales recopilados para fines relacionados con el inter\u00e9s leg\u00edtimo del controlador de datos se conservar\u00e1n hasta que se satisfaga este inter\u00e9s. El Usuario puede obtener m\u00e1s informaci\u00f3n sobre el inter\u00e9s leg\u00edtimo perseguido por el Controlador de datos en las secciones relevantes de este documento o contactando al Controlador de datos.<\/li><\/ul>\n\n\n\n<p>Cuando el tratamiento se basa en el consentimiento del usuario, el controlador de datos puede conservar los datos personales durante m\u00e1s tiempo hasta que se revoque dicho consentimiento. Adem\u00e1s, el controlador de datos puede estar obligado a conservar los datos personales durante un per\u00edodo m\u00e1s prolongado en cumplimiento de una obligaci\u00f3n legal o por orden de una autoridad.<\/p>\n\n\n\n<p>Al final del per\u00edodo de retenci\u00f3n, se eliminar\u00e1n los Datos personales. Por lo tanto, al final de este plazo, el derecho de acceso, cancelaci\u00f3n, rectificaci\u00f3n y el derecho a la portabilidad de datos ya no se puede ejercer.<\/p>\n\n\n\n<div style=\"height:25px\" aria-hidden=\"true\" class=\"wp-block-spacer\"><\/div>\n\n\n\n<h2 class=\"wp-block-heading\" id=\"finalidad-del-tratamiento-de-datos-personales\"><strong>Finalidad del tratamiento de datos personales<\/strong><\/h2>\n\n\n\n<p>Los Datos del Usuario se recopilan para permitir al Titular prestar el Servicio, cumplir con las obligaciones legales, responder a solicitudes o acciones ejecutivas, proteger sus derechos e intereses (o los de los Usuarios o terceros), identificar cualquier actividad maliciosa. o fraudulentas, as\u00ed como para los siguientes fines: visualizaci\u00f3n de contenido de plataformas externas y registro y autenticaci\u00f3n proporcionados directamente por este sitio web.<\/p>\n\n\n\n<p>Para obtener informaci\u00f3n detallada sobre los prop\u00f3sitos del procesamiento y sobre los Datos Personales procesados \u200b\u200bpara cada prop\u00f3sito, el Usuario puede consultar la secci\u00f3n \u00abInformaci\u00f3n detallada sobre el procesamiento de Datos Personales\u00bb.<\/p>\n\n\n\n<div style=\"height:50px\" aria-hidden=\"true\" class=\"wp-block-spacer\"><\/div>\n\n\n\n<h2 class=\"wp-block-heading\" id=\"proposito-del-procesamiento-de-los-datos-recopilados\"><strong>Prop\u00f3sito del procesamiento de los datos recopilados<\/strong><\/h2>\n\n\n\n<p>Los datos del usuario se recopilan para permitir que el propietario brinde sus servicios, as\u00ed como para los siguientes prop\u00f3sitos:<\/p>\n\n\n\n<ul><li><strong><strong>Estad\u00edsticas<\/strong><\/strong><\/li><\/ul>\n\n\n\n<h2 class=\"wp-block-heading\" id=\"derechos-de-usuario\">Derechos de usuario<\/h2>\n\n\n\n<p>Los usuarios pueden ejercer ciertos derechos con referencia a los Datos procesados \u200b\u200bpor el Propietario.<\/p>\n\n\n\n<p>En particular, el Usuario tiene derecho a:<\/p>\n\n\n\n<ul><li>retirar el consentimiento en cualquier momento. El Usuario puede retirar el consentimiento para el procesamiento de sus Datos personales previamente expresados.<\/li><li>se opone al procesamiento de sus datos. El usuario puede oponerse al procesamiento de sus datos cuando tiene lugar sobre una base legal que no sea el consentimiento.M\u00e1s detalles sobre el derecho de oposici\u00f3n se indican en la siguiente secci\u00f3n.<\/li><li>acceder a sus datos. El usuario tiene derecho a obtener informaci\u00f3n sobre los datos procesados \u200b\u200bpor el propietario, sobre ciertos aspectos del procesamiento y a recibir una copia de los datos procesados.<\/li><li>verificar y solicitar correcci\u00f3n. El Usuario puede verificar la exactitud de sus Datos y solicitar su actualizaci\u00f3n o correcci\u00f3n.<\/li><li>obtener la limitaci\u00f3n del procesamiento. Cuando se cumplen ciertas condiciones, el Usuario puede solicitar la limitaci\u00f3n del procesamiento de sus Datos. En este caso, el Propietario no procesar\u00e1 los Datos para ning\u00fan otro prop\u00f3sito que no sea el de su conservaci\u00f3n.<\/li><li>obtener la cancelaci\u00f3n o eliminaci\u00f3n de sus Datos personales. Cuando se cumplen ciertas condiciones, el Usuario puede solicitar la cancelaci\u00f3n de sus Datos por parte del Propietario.<\/li><li>recibe sus datos o los transfiere a otro titular. El Usuario tiene derecho a recibir sus Datos en un formato estructurado, com\u00fanmente utilizado y legible por un dispositivo autom\u00e1tico y, cuando sea t\u00e9cnicamente posible, a obtener su transferencia sin impedimento a otro titular. Esta disposici\u00f3n es aplicable cuando los Datos se procesan con herramientas automatizadas y el procesamiento se basa en el consentimiento del Usuario, en un contrato del que el Usuario es parte o en medidas contractuales relacionadas con \u00e9l.<\/li><li>presentar una queja. El usuario puede presentar una queja ante la autoridad supervisora \u200b\u200bcompetente de protecci\u00f3n de datos personales o tomar medidas legales.<\/li><\/ul>\n\n\n\n<div style=\"height:25px\" aria-hidden=\"true\" class=\"wp-block-spacer\"><\/div>\n\n\n\n<p><strong class=\"privacy-policy-tutorial\"><strong>Detalles sobre el derecho de oposici\u00f3n<\/strong><\/strong><\/p>\n\n\n\n<p>Cuando los Datos personales se procesan en inter\u00e9s p\u00fablico, en el ejercicio de los poderes p\u00fablicos con los que se invierte el Controlador de datos o para perseguir un inter\u00e9s leg\u00edtimo del Controlador de datos, los usuarios tienen derecho a oponerse al procesamiento por razones relacionadas con su situaci\u00f3n particular.<\/p>\n\n\n\n<p>Se recuerda a los usuarios que, si sus datos se procesaron con fines de marketing directo, pueden oponerse al procesamiento sin dar ninguna raz\u00f3n. Para averiguar si el controlador de datos procesa los datos con fines de marketing directo, los usuarios pueden consultar las secciones respectivas de este documento.<\/p>\n\n\n\n<div style=\"height:25px\" aria-hidden=\"true\" class=\"wp-block-spacer\"><\/div>\n\n\n\n<p><strong><strong>C\u00f3mo ejercer sus derechos<\/strong><\/strong><\/p>\n\n\n\n<p>Para ejercer los derechos del Usuario, los Usuarios pueden dirigir una solicitud a los datos de contacto del Propietario indicados en este documento. Las solicitudes se presentan de forma gratuita y el Controlador de datos las procesa lo antes posible, en cualquier caso dentro de un mes.<\/p>\n\n\n\n<div style=\"height:50px\" aria-hidden=\"true\" class=\"wp-block-spacer\"><\/div>\n\n\n\n<h2 class=\"wp-block-heading\" id=\"politica-de-cookies\"><strong><strong>Pol\u00edtica de cookies<\/strong><\/strong><\/h2>\n\n\n\n<p>Esta aplicaci\u00f3n utiliza cookies. Para obtener m\u00e1s informaci\u00f3n y leer la informaci\u00f3n detallada, el Usuario puede consultar la <a href=\"https:\/\/www.studiodentisticoisaza.it\/es\/cookies.html\">Pol\u00edtica de cookies<\/a>.<\/p>\n\n\n\n<div style=\"height:50px\" aria-hidden=\"true\" class=\"wp-block-spacer\"><\/div>\n\n\n\n<h2 class=\"wp-block-heading\" id=\"mas-informacion-sobre-el-tratamiento\"><strong><strong>M\u00e1s informaci\u00f3n sobre el tratamiento<\/strong><\/strong><\/h2>\n\n\n\n<p><strong><strong>Defensa en los tribunales<\/strong><\/strong><\/p>\n\n\n\n<p>Los datos personales del usuario pueden ser utilizados por el propietario en el tribunal o en las etapas preparatorias para su posible establecimiento para la defensa contra el abuso en el uso de esta aplicaci\u00f3n o servicios relacionados por parte del usuario.El usuario declara ser consciente de que el controlador de datos puede estar obligado a revelar los datos por orden de las autoridades p\u00fablicas.<\/p>\n\n\n\n<div style=\"height:25px\" aria-hidden=\"true\" class=\"wp-block-spacer\"><\/div>\n\n\n\n<p><strong><strong>Informaci\u00f3n espec\u00edfica<\/strong><\/strong><\/p>\n\n\n\n<p>A solicitud del Usuario, adem\u00e1s de la informaci\u00f3n contenida en esta pol\u00edtica de privacidad, esta Aplicaci\u00f3n puede proporcionar al Usuario informaci\u00f3n adicional y contextual sobre Servicios espec\u00edficos, o la recopilaci\u00f3n y procesamiento de Datos Personales.<\/p>\n\n\n\n<div style=\"height:25px\" aria-hidden=\"true\" class=\"wp-block-spacer\"><\/div>\n\n\n\n<p><strong><strong>Registros de sistema y mantenimiento<\/strong><\/strong><\/p>\n\n\n\n<p>Para las necesidades relacionadas con la operaci\u00f3n y el mantenimiento, esta Aplicaci\u00f3n y los servicios de terceros que utiliza pueden recopilar Registros del sistema, es decir, archivos que registran las interacciones y que tambi\u00e9n pueden contener Datos personales, como la direcci\u00f3n IP del usuario.<\/p>\n\n\n\n<div style=\"height:25px\" aria-hidden=\"true\" class=\"wp-block-spacer\"><\/div>\n\n\n\n<p><strong><strong>Informaci\u00f3n no contenida en esta pol\u00edtica<\/strong><\/strong><\/p>\n\n\n\n<p>Se puede solicitar m\u00e1s informaci\u00f3n en relaci\u00f3n con el procesamiento de Datos personales en cualquier momento al Controlador de datos utilizando los datos de contacto.<\/p>\n\n\n\n<div style=\"height:25px\" aria-hidden=\"true\" class=\"wp-block-spacer\"><\/div>\n\n\n\n<p><strong><strong>Respuesta a solicitudes de \u00abNo rastrear\u00bb<\/strong><\/strong><\/p>\n\n\n\n<p>Esta aplicaci\u00f3n no admite solicitudes \u00abNo rastrear\u00bb.<\/p>\n\n\n\n<p>Para averiguar si los servicios de terceros utilizados los respaldan, se invita al Usuario a consultar sus respectivas pol\u00edticas de privacidad.<\/p>\n\n\n\n<div style=\"height:25px\" aria-hidden=\"true\" class=\"wp-block-spacer\"><\/div>\n\n\n\n<p><strong><strong>Cambios a esta pol\u00edtica de privacidad<\/strong><\/strong><\/p>\n\n\n\n<p>El Controlador de datos se reserva el derecho de realizar cambios a esta pol\u00edtica de privacidad en cualquier momento al proporcionar informaci\u00f3n a los Usuarios en esta p\u00e1gina y, si es posible, en esta Aplicaci\u00f3n, as\u00ed como, si es factible t\u00e9cnica y legalmente, enviando una notificaci\u00f3n a los Usuarios a trav\u00e9s de uno de los datos de contacto en poder del propietario. Por lo tanto, consulte esta p\u00e1gina regularmente,refiri\u00e9ndose a la fecha de la \u00faltima modificaci\u00f3n indicada en la parte inferior.<\/p>\n\n\n\n<p>Si los cambios se refieren a tratamientos cuya base legal es el consentimiento, el Controlador de datos recabar\u00e1 nuevamente el consentimiento del Usuario, si es necesario.<\/p>\n\n\n\n<div style=\"height:25px\" aria-hidden=\"true\" class=\"wp-block-spacer\"><\/div>\n","protected":false},"excerpt":{"rendered":"<p>Este sitio web recoge informaci\u00f3n personal de los usuarios.&nbsp;Este documento se puede imprimir usando el comando de impresi\u00f3n presente en la configuraci\u00f3n del navegador. Identidad del Responsable HOBO SRLVia G. Matteotti, 1436060 Romano D&#8217;Ezzelino, Vicenza Indirizzo email: info@hobo.studio Tipologie di Dati raccolti Entre los Datos personales recopilados por esta Aplicaci\u00f3n, ya sea de forma independiente [&hellip;]<\/p>\n","protected":false},"author":1,"featured_media":0,"parent":0,"menu_order":0,"comment_status":"closed","ping_status":"closed","template":"page-privacy.php","meta":{"footnotes":""},"acf":[],"_links":{"self":[{"href":"https:\/\/hobo.studio\/es\/wp-json\/wp\/v2\/pages\/1177"}],"collection":[{"href":"https:\/\/hobo.studio\/es\/wp-json\/wp\/v2\/pages"}],"about":[{"href":"https:\/\/hobo.studio\/es\/wp-json\/wp\/v2\/types\/page"}],"author":[{"embeddable":true,"href":"https:\/\/hobo.studio\/es\/wp-json\/wp\/v2\/users\/1"}],"replies":[{"embeddable":true,"href":"https:\/\/hobo.studio\/es\/wp-json\/wp\/v2\/comments?post=1177"}],"version-history":[{"count":3,"href":"https:\/\/hobo.studio\/es\/wp-json\/wp\/v2\/pages\/1177\/revisions"}],"predecessor-version":[{"id":1183,"href":"https:\/\/hobo.studio\/es\/wp-json\/wp\/v2\/pages\/1177\/revisions\/1183"}],"wp:attachment":[{"href":"https:\/\/hobo.studio\/es\/wp-json\/wp\/v2\/media?parent=1177"}],"curies":[{"name":"wp","href":"https:\/\/api.w.org\/{rel}","templated":true}]}}