{"id":1036,"date":"2022-03-14T11:18:55","date_gmt":"2022-03-14T10:18:55","guid":{"rendered":"https:\/\/hobo.studio\/?page_id=1036"},"modified":"2022-03-31T16:24:11","modified_gmt":"2022-03-31T14:24:11","slug":"work","status":"publish","type":"page","link":"https:\/\/hobo.studio\/es\/work\/","title":{"rendered":"Work"},"content":{"rendered":"\n<p>De las campa\u00f1as integradas y multicanales al proyecto de lanzamiento de una\u00a0startup. Del online al offline y viceversa. Aqu\u00ed encontrar\u00e1s una selecci\u00f3n de nuestros trabajos m\u00e1s recientes y de los que estamos orgullosos, para mostrarte lo que hemos hecho y\u00a0sobre todo lo que podremos hacer juntos.<\/p>\n","protected":false},"excerpt":{"rendered":"<p>De las campa\u00f1as integradas y multicanales al proyecto de lanzamiento de una\u00a0startup. Del online al offline y viceversa. Aqu\u00ed encontrar\u00e1s una selecci\u00f3n de nuestros trabajos m\u00e1s recientes y de los que estamos orgullosos, para mostrarte lo que hemos hecho y\u00a0sobre todo lo que podremos hacer juntos.<\/p>\n","protected":false},"author":1,"featured_media":0,"parent":0,"menu_order":0,"comment_status":"closed","ping_status":"closed","template":"page-work.php","meta":{"footnotes":""},"acf":[],"_links":{"self":[{"href":"https:\/\/hobo.studio\/es\/wp-json\/wp\/v2\/pages\/1036"}],"collection":[{"href":"https:\/\/hobo.studio\/es\/wp-json\/wp\/v2\/pages"}],"about":[{"href":"https:\/\/hobo.studio\/es\/wp-json\/wp\/v2\/types\/page"}],"author":[{"embeddable":true,"href":"https:\/\/hobo.studio\/es\/wp-json\/wp\/v2\/users\/1"}],"replies":[{"embeddable":true,"href":"https:\/\/hobo.studio\/es\/wp-json\/wp\/v2\/comments?post=1036"}],"version-history":[{"count":6,"href":"https:\/\/hobo.studio\/es\/wp-json\/wp\/v2\/pages\/1036\/revisions"}],"predecessor-version":[{"id":1272,"href":"https:\/\/hobo.studio\/es\/wp-json\/wp\/v2\/pages\/1036\/revisions\/1272"}],"wp:attachment":[{"href":"https:\/\/hobo.studio\/es\/wp-json\/wp\/v2\/media?parent=1036"}],"curies":[{"name":"wp","href":"https:\/\/api.w.org\/{rel}","templated":true}]}}